{"id":2938,"date":"2025-09-22T16:06:37","date_gmt":"2025-09-22T16:06:37","guid":{"rendered":"https:\/\/yanardiwines.com\/?page_id=2938"},"modified":"2025-10-06T14:08:44","modified_gmt":"2025-10-06T14:08:44","slug":"descargar-la-app","status":"publish","type":"page","link":"https:\/\/yanardiwines.com\/en\/descargar-la-app\/","title":{"rendered":"Descargar la app"},"content":{"rendered":"<div data-elementor-type=\"wp-page\" data-elementor-id=\"2938\" class=\"elementor elementor-2938\" data-elementor-post-type=\"page\">\n\t\t\t\t\t\t<section class=\"elementor-section elementor-top-section elementor-element elementor-element-777ba99c elementor-section-height-min-height elementor-section-content-middle elementor-reverse-mobile elementor-section-boxed elementor-section-height-default elementor-section-items-middle\" data-id=\"777ba99c\" data-element_type=\"section\" data-e-type=\"section\" data-settings=\"{&quot;background_background&quot;:&quot;classic&quot;}\">\n\t\t\t\t\t\t<div class=\"elementor-container elementor-column-gap-no\">\n\t\t\t\t\t<div class=\"elementor-column elementor-col-50 elementor-top-column elementor-element elementor-element-68c29261\" data-id=\"68c29261\" data-element_type=\"column\" data-e-type=\"column\">\n\t\t\t<div class=\"elementor-widget-wrap elementor-element-populated\">\n\t\t\t\t\t\t<div class=\"elementor-element elementor-element-1f484de3 elementor-widget elementor-widget-heading\" data-id=\"1f484de3\" data-element_type=\"widget\" data-e-type=\"widget\" data-widget_type=\"heading.default\">\n\t\t\t\t<div class=\"elementor-widget-container\">\n\t\t\t\t\t<h2 class=\"elementor-heading-title elementor-size-default\">Tu vino cobra vida<\/h2>\t\t\t\t<\/div>\n\t\t\t\t<\/div>\n\t\t\t\t<div class=\"elementor-element elementor-element-70d1e8bc elementor-widget elementor-widget-text-editor\" data-id=\"70d1e8bc\" data-element_type=\"widget\" data-e-type=\"widget\" data-widget_type=\"text-editor.default\">\n\t\t\t\t<div class=\"elementor-widget-container\">\n\t\t\t\t\t\t\t\t\t<p>Descarg\u00e1 la app y viv\u00ed la Realidad Aumentada: apunt\u00e1 a la etiqueta para desbloquear fichas t\u00e9cnicas, notas de cata y contenidos en <strong data-start=\"1394\" data-end=\"1416\">Realidad Aumentada<\/strong><\/p><p><span style=\"text-decoration: underline;\"><strong>Descargar ahora<\/strong><\/span><\/p>\t\t\t\t\t\t\t\t<\/div>\n\t\t\t\t<\/div>\n\t\t\t\t<div class=\"elementor-element elementor-element-f4ba889 elementor-widget__width-auto elementor-widget elementor-widget-image\" data-id=\"f4ba889\" data-element_type=\"widget\" data-e-type=\"widget\" data-widget_type=\"image.default\">\n\t\t\t\t<div class=\"elementor-widget-container\">\n\t\t\t\t\t\t\t\t\t\t\t\t\t\t\t\t<a href=\"https:\/\/apps.apple.com\/ar\/app\/yanardi-wines\/id6752520193\" target=\"_blank\">\n\t\t\t\t\t\t\t<img fetchpriority=\"high\" decoding=\"async\" width=\"800\" height=\"266\" src=\"https:\/\/i0.wp.com\/yanardiwines.com\/wp-content\/uploads\/2025\/09\/app-store.png?fit=800%2C266&amp;ssl=1\" class=\"attachment-large size-large wp-image-2942\" alt=\"\" srcset=\"https:\/\/i0.wp.com\/yanardiwines.com\/wp-content\/uploads\/2025\/09\/app-store.png?w=865&amp;ssl=1 865w, https:\/\/i0.wp.com\/yanardiwines.com\/wp-content\/uploads\/2025\/09\/app-store.png?resize=300%2C100&amp;ssl=1 300w, https:\/\/i0.wp.com\/yanardiwines.com\/wp-content\/uploads\/2025\/09\/app-store.png?resize=768%2C256&amp;ssl=1 768w, https:\/\/i0.wp.com\/yanardiwines.com\/wp-content\/uploads\/2025\/09\/app-store.png?resize=18%2C6&amp;ssl=1 18w, https:\/\/i0.wp.com\/yanardiwines.com\/wp-content\/uploads\/2025\/09\/app-store.png?resize=600%2C200&amp;ssl=1 600w\" sizes=\"(max-width: 800px) 100vw, 800px\" \/>\t\t\t\t\t\t\t\t<\/a>\n\t\t\t\t\t\t\t\t\t\t\t\t\t\t\t<\/div>\n\t\t\t\t<\/div>\n\t\t\t\t<div class=\"elementor-element elementor-element-d5ba175 elementor-widget__width-auto elementor-widget elementor-widget-image\" data-id=\"d5ba175\" data-element_type=\"widget\" data-e-type=\"widget\" data-widget_type=\"image.default\">\n\t\t\t\t<div class=\"elementor-widget-container\">\n\t\t\t\t\t\t\t\t\t\t\t\t\t\t\t\t<a href=\"https:\/\/play.google.com\/store\/apps\/details?id=com.Gaucho.Granpillo\" target=\"_blank\">\n\t\t\t\t\t\t\t<img decoding=\"async\" width=\"800\" height=\"266\" src=\"https:\/\/i0.wp.com\/yanardiwines.com\/wp-content\/uploads\/2025\/09\/google-play.png?fit=800%2C266&amp;ssl=1\" class=\"attachment-large size-large wp-image-2943\" alt=\"\" srcset=\"https:\/\/i0.wp.com\/yanardiwines.com\/wp-content\/uploads\/2025\/09\/google-play.png?w=865&amp;ssl=1 865w, https:\/\/i0.wp.com\/yanardiwines.com\/wp-content\/uploads\/2025\/09\/google-play.png?resize=300%2C100&amp;ssl=1 300w, https:\/\/i0.wp.com\/yanardiwines.com\/wp-content\/uploads\/2025\/09\/google-play.png?resize=768%2C256&amp;ssl=1 768w, https:\/\/i0.wp.com\/yanardiwines.com\/wp-content\/uploads\/2025\/09\/google-play.png?resize=18%2C6&amp;ssl=1 18w, https:\/\/i0.wp.com\/yanardiwines.com\/wp-content\/uploads\/2025\/09\/google-play.png?resize=600%2C200&amp;ssl=1 600w\" sizes=\"(max-width: 800px) 100vw, 800px\" \/>\t\t\t\t\t\t\t\t<\/a>\n\t\t\t\t\t\t\t\t\t\t\t\t\t\t\t<\/div>\n\t\t\t\t<\/div>\n\t\t\t\t\t<\/div>\n\t\t<\/div>\n\t\t\t\t<div class=\"elementor-column elementor-col-50 elementor-top-column elementor-element elementor-element-32857573\" data-id=\"32857573\" data-element_type=\"column\" data-e-type=\"column\">\n\t\t\t<div class=\"elementor-widget-wrap elementor-element-populated\">\n\t\t\t\t\t\t<div class=\"elementor-element elementor-element-72ce0155 elementor-widget elementor-widget-image\" data-id=\"72ce0155\" data-element_type=\"widget\" data-e-type=\"widget\" data-widget_type=\"image.default\">\n\t\t\t\t<div class=\"elementor-widget-container\">\n\t\t\t\t\t\t\t\t\t\t\t\t\t\t\t<img decoding=\"async\" width=\"588\" height=\"1000\" src=\"https:\/\/i0.wp.com\/yanardiwines.com\/wp-content\/uploads\/2025\/09\/captura-app-store.png?fit=588%2C1000&amp;ssl=1\" class=\"attachment-full size-full wp-image-2957\" alt=\"\" srcset=\"https:\/\/i0.wp.com\/yanardiwines.com\/wp-content\/uploads\/2025\/09\/captura-app-store.png?w=588&amp;ssl=1 588w, https:\/\/i0.wp.com\/yanardiwines.com\/wp-content\/uploads\/2025\/09\/captura-app-store.png?resize=176%2C300&amp;ssl=1 176w, https:\/\/i0.wp.com\/yanardiwines.com\/wp-content\/uploads\/2025\/09\/captura-app-store.png?resize=7%2C12&amp;ssl=1 7w\" sizes=\"(max-width: 588px) 100vw, 588px\" \/>\t\t\t\t\t\t\t\t\t\t\t\t\t\t\t<\/div>\n\t\t\t\t<\/div>\n\t\t\t\t\t<\/div>\n\t\t<\/div>\n\t\t\t\t\t<\/div>\n\t\t<\/section>\n\t\t\t\t<\/div>","protected":false},"excerpt":{"rendered":"<p>Tu vino cobra vida Descarg\u00e1 la app y viv\u00ed la Realidad Aumentada: apunt\u00e1 a la etiqueta para desbloquear fichas t\u00e9cnicas, notas de cata y contenidos en Realidad Aumentada Descargar ahora<\/p>","protected":false},"author":2,"featured_media":0,"parent":0,"menu_order":0,"comment_status":"closed","ping_status":"closed","template":"","meta":{"footnotes":""},"class_list":["post-2938","page","type-page","status-publish","hentry"],"yoast_head":"<!-- This site is optimized with the Yoast SEO plugin v27.4 - https:\/\/yoast.com\/product\/yoast-seo-wordpress\/ -->\n<title>Descargar la app - Yanardi Wines<\/title>\n<meta name=\"robots\" content=\"index, follow, max-snippet:-1, max-image-preview:large, max-video-preview:-1\" \/>\n<link rel=\"canonical\" href=\"https:\/\/yanardiwines.com\/en\/descargar-la-app\/\" \/>\n<meta property=\"og:locale\" content=\"en_US\" \/>\n<meta property=\"og:type\" content=\"article\" \/>\n<meta property=\"og:title\" content=\"Descargar la app - Yanardi Wines\" \/>\n<meta property=\"og:description\" content=\"Tu vino cobra vida Descarg\u00e1 la app y viv\u00ed la Realidad Aumentada: apunt\u00e1 a la etiqueta para desbloquear fichas t\u00e9cnicas, notas de cata y contenidos en Realidad Aumentada Descargar ahora\" \/>\n<meta property=\"og:url\" content=\"https:\/\/yanardiwines.com\/en\/descargar-la-app\/\" \/>\n<meta property=\"og:site_name\" content=\"Yanardi Wines\" \/>\n<meta property=\"article:modified_time\" content=\"2025-10-06T14:08:44+00:00\" \/>\n<meta property=\"og:image\" content=\"https:\/\/yanardiwines.com\/wp-content\/uploads\/2025\/09\/app-store.png\" \/>\n<meta name=\"twitter:card\" content=\"summary_large_image\" \/>\n<meta name=\"twitter:label1\" content=\"Est. reading time\" \/>\n\t<meta name=\"twitter:data1\" content=\"1 minute\" \/>\n<script type=\"application\/ld+json\" class=\"yoast-schema-graph\">{\"@context\":\"https:\\\/\\\/schema.org\",\"@graph\":[{\"@type\":\"WebPage\",\"@id\":\"https:\\\/\\\/yanardiwines.com\\\/descargar-la-app\\\/\",\"url\":\"https:\\\/\\\/yanardiwines.com\\\/descargar-la-app\\\/\",\"name\":\"Descargar la app - Yanardi Wines\",\"isPartOf\":{\"@id\":\"https:\\\/\\\/yanardiwines.com\\\/#website\"},\"primaryImageOfPage\":{\"@id\":\"https:\\\/\\\/yanardiwines.com\\\/descargar-la-app\\\/#primaryimage\"},\"image\":{\"@id\":\"https:\\\/\\\/yanardiwines.com\\\/descargar-la-app\\\/#primaryimage\"},\"thumbnailUrl\":\"https:\\\/\\\/yanardiwines.com\\\/wp-content\\\/uploads\\\/2025\\\/09\\\/app-store.png\",\"datePublished\":\"2025-09-22T16:06:37+00:00\",\"dateModified\":\"2025-10-06T14:08:44+00:00\",\"breadcrumb\":{\"@id\":\"https:\\\/\\\/yanardiwines.com\\\/descargar-la-app\\\/#breadcrumb\"},\"inLanguage\":\"en-US\",\"potentialAction\":[{\"@type\":\"ReadAction\",\"target\":[\"https:\\\/\\\/yanardiwines.com\\\/descargar-la-app\\\/\"]}]},{\"@type\":\"ImageObject\",\"inLanguage\":\"en-US\",\"@id\":\"https:\\\/\\\/yanardiwines.com\\\/descargar-la-app\\\/#primaryimage\",\"url\":\"https:\\\/\\\/yanardiwines.com\\\/wp-content\\\/uploads\\\/2025\\\/09\\\/app-store.png\",\"contentUrl\":\"https:\\\/\\\/yanardiwines.com\\\/wp-content\\\/uploads\\\/2025\\\/09\\\/app-store.png\"},{\"@type\":\"BreadcrumbList\",\"@id\":\"https:\\\/\\\/yanardiwines.com\\\/descargar-la-app\\\/#breadcrumb\",\"itemListElement\":[{\"@type\":\"ListItem\",\"position\":1,\"name\":\"Inicio\",\"item\":\"https:\\\/\\\/yanardiwines.com\\\/\"},{\"@type\":\"ListItem\",\"position\":2,\"name\":\"Descargar la app\"}]},{\"@type\":\"WebSite\",\"@id\":\"https:\\\/\\\/yanardiwines.com\\\/#website\",\"url\":\"https:\\\/\\\/yanardiwines.com\\\/\",\"name\":\"Yanardi Wines\",\"description\":\"Vinos aut\u00e9nticos creados con el coraz\u00f3n.\",\"publisher\":{\"@id\":\"https:\\\/\\\/yanardiwines.com\\\/#organization\"},\"potentialAction\":[{\"@type\":\"SearchAction\",\"target\":{\"@type\":\"EntryPoint\",\"urlTemplate\":\"https:\\\/\\\/yanardiwines.com\\\/?s={search_term_string}\"},\"query-input\":{\"@type\":\"PropertyValueSpecification\",\"valueRequired\":true,\"valueName\":\"search_term_string\"}}],\"inLanguage\":\"en-US\"},{\"@type\":\"Organization\",\"@id\":\"https:\\\/\\\/yanardiwines.com\\\/#organization\",\"name\":\"Yanardi Wines\",\"url\":\"https:\\\/\\\/yanardiwines.com\\\/\",\"logo\":{\"@type\":\"ImageObject\",\"inLanguage\":\"en-US\",\"@id\":\"https:\\\/\\\/yanardiwines.com\\\/#\\\/schema\\\/logo\\\/image\\\/\",\"url\":\"https:\\\/\\\/yanardiwines.com\\\/wp-content\\\/uploads\\\/2022\\\/06\\\/yanardi-wine.jpg\",\"contentUrl\":\"https:\\\/\\\/yanardiwines.com\\\/wp-content\\\/uploads\\\/2022\\\/06\\\/yanardi-wine.jpg\",\"width\":340,\"height\":68,\"caption\":\"Yanardi Wines\"},\"image\":{\"@id\":\"https:\\\/\\\/yanardiwines.com\\\/#\\\/schema\\\/logo\\\/image\\\/\"},\"sameAs\":[\"https:\\\/\\\/www.instagram.com\\\/yanardiwines\\\/\"]}]}<\/script>\n<!-- \/ Yoast SEO plugin. -->","yoast_head_json":{"title":"Descargar la app - Yanardi Wines","robots":{"index":"index","follow":"follow","max-snippet":"max-snippet:-1","max-image-preview":"max-image-preview:large","max-video-preview":"max-video-preview:-1"},"canonical":"https:\/\/yanardiwines.com\/en\/descargar-la-app\/","og_locale":"en_US","og_type":"article","og_title":"Descargar la app - Yanardi Wines","og_description":"Tu vino cobra vida Descarg\u00e1 la app y viv\u00ed la Realidad Aumentada: apunt\u00e1 a la etiqueta para desbloquear fichas t\u00e9cnicas, notas de cata y contenidos en Realidad Aumentada Descargar ahora","og_url":"https:\/\/yanardiwines.com\/en\/descargar-la-app\/","og_site_name":"Yanardi Wines","article_modified_time":"2025-10-06T14:08:44+00:00","og_image":[{"url":"https:\/\/yanardiwines.com\/wp-content\/uploads\/2025\/09\/app-store.png","type":"","width":"","height":""}],"twitter_card":"summary_large_image","twitter_misc":{"Est. reading time":"1 minute"},"schema":{"@context":"https:\/\/schema.org","@graph":[{"@type":"WebPage","@id":"https:\/\/yanardiwines.com\/descargar-la-app\/","url":"https:\/\/yanardiwines.com\/descargar-la-app\/","name":"Descargar la app - Yanardi Wines","isPartOf":{"@id":"https:\/\/yanardiwines.com\/#website"},"primaryImageOfPage":{"@id":"https:\/\/yanardiwines.com\/descargar-la-app\/#primaryimage"},"image":{"@id":"https:\/\/yanardiwines.com\/descargar-la-app\/#primaryimage"},"thumbnailUrl":"https:\/\/yanardiwines.com\/wp-content\/uploads\/2025\/09\/app-store.png","datePublished":"2025-09-22T16:06:37+00:00","dateModified":"2025-10-06T14:08:44+00:00","breadcrumb":{"@id":"https:\/\/yanardiwines.com\/descargar-la-app\/#breadcrumb"},"inLanguage":"en-US","potentialAction":[{"@type":"ReadAction","target":["https:\/\/yanardiwines.com\/descargar-la-app\/"]}]},{"@type":"ImageObject","inLanguage":"en-US","@id":"https:\/\/yanardiwines.com\/descargar-la-app\/#primaryimage","url":"https:\/\/yanardiwines.com\/wp-content\/uploads\/2025\/09\/app-store.png","contentUrl":"https:\/\/yanardiwines.com\/wp-content\/uploads\/2025\/09\/app-store.png"},{"@type":"BreadcrumbList","@id":"https:\/\/yanardiwines.com\/descargar-la-app\/#breadcrumb","itemListElement":[{"@type":"ListItem","position":1,"name":"Inicio","item":"https:\/\/yanardiwines.com\/"},{"@type":"ListItem","position":2,"name":"Descargar la app"}]},{"@type":"WebSite","@id":"https:\/\/yanardiwines.com\/#website","url":"https:\/\/yanardiwines.com\/","name":"Yanardi Wines","description":"Authentic wines created with the heart.","publisher":{"@id":"https:\/\/yanardiwines.com\/#organization"},"potentialAction":[{"@type":"SearchAction","target":{"@type":"EntryPoint","urlTemplate":"https:\/\/yanardiwines.com\/?s={search_term_string}"},"query-input":{"@type":"PropertyValueSpecification","valueRequired":true,"valueName":"search_term_string"}}],"inLanguage":"en-US"},{"@type":"Organization","@id":"https:\/\/yanardiwines.com\/#organization","name":"Yanardi Wines","url":"https:\/\/yanardiwines.com\/","logo":{"@type":"ImageObject","inLanguage":"en-US","@id":"https:\/\/yanardiwines.com\/#\/schema\/logo\/image\/","url":"https:\/\/yanardiwines.com\/wp-content\/uploads\/2022\/06\/yanardi-wine.jpg","contentUrl":"https:\/\/yanardiwines.com\/wp-content\/uploads\/2022\/06\/yanardi-wine.jpg","width":340,"height":68,"caption":"Yanardi Wines"},"image":{"@id":"https:\/\/yanardiwines.com\/#\/schema\/logo\/image\/"},"sameAs":["https:\/\/www.instagram.com\/yanardiwines\/"]}]}},"_links":{"self":[{"href":"https:\/\/yanardiwines.com\/en\/wp-json\/wp\/v2\/pages\/2938","targetHints":{"allow":["GET"]}}],"collection":[{"href":"https:\/\/yanardiwines.com\/en\/wp-json\/wp\/v2\/pages"}],"about":[{"href":"https:\/\/yanardiwines.com\/en\/wp-json\/wp\/v2\/types\/page"}],"author":[{"embeddable":true,"href":"https:\/\/yanardiwines.com\/en\/wp-json\/wp\/v2\/users\/2"}],"replies":[{"embeddable":true,"href":"https:\/\/yanardiwines.com\/en\/wp-json\/wp\/v2\/comments?post=2938"}],"version-history":[{"count":19,"href":"https:\/\/yanardiwines.com\/en\/wp-json\/wp\/v2\/pages\/2938\/revisions"}],"predecessor-version":[{"id":2964,"href":"https:\/\/yanardiwines.com\/en\/wp-json\/wp\/v2\/pages\/2938\/revisions\/2964"}],"wp:attachment":[{"href":"https:\/\/yanardiwines.com\/en\/wp-json\/wp\/v2\/media?parent=2938"}],"curies":[{"name":"wp","href":"https:\/\/api.w.org\/{rel}","templated":true}]}}