{"id":549,"date":"2022-07-01T13:20:45","date_gmt":"2022-07-01T13:20:45","guid":{"rendered":"http:\/\/c1791537.ferozo.com\/?post_type=product&#038;p=549"},"modified":"2025-08-19T17:18:18","modified_gmt":"2025-08-19T17:18:18","slug":"pequeno-vinedo-blend-reserva","status":"publish","type":"product","link":"https:\/\/yanardiwines.com\/en\/product\/pequeno-vinedo-blend-reserva\/","title":{"rendered":"PEQUE\u00d1O VI\u00d1EDO \u2013 BLEND RESERVE"},"content":{"rendered":"","protected":false},"excerpt":{"rendered":"<p>Deep red in color. Great combination of aromas that complement and enhance each other, where we can find plums, ripe currants, pepper and nutmeg. In the mouth we can perceive the marked but very friendly tannins where the mint stands out. Ideal to accompany well-cured cheeses and seasoned meats<\/p>","protected":false},"featured_media":551,"template":"","meta":[],"product_brand":[],"product_cat":[21],"product_tag":[],"varietal":[27,28,34],"class_list":{"0":"post-549","1":"product","2":"type-product","3":"status-publish","4":"has-post-thumbnail","6":"product_cat-pequeno-vinedo","7":"varietal-cabernet-franc","8":"varietal-malbec","9":"varietal-tannat","11":"first","12":"instock","13":"sale","14":"shipping-taxable","15":"purchasable","16":"product-type-simple"},"yoast_head":"<!-- This site is optimized with the Yoast SEO plugin v27.4 - https:\/\/yoast.com\/product\/yoast-seo-wordpress\/ -->\n<title>PEQUE\u00d1O VI\u00d1EDO - BLEND RESERVA - Yanardi Wines<\/title>\n<meta name=\"robots\" content=\"index, follow, max-snippet:-1, max-image-preview:large, max-video-preview:-1\" \/>\n<link rel=\"canonical\" href=\"https:\/\/yanardiwines.com\/en\/product\/pequeno-vinedo-blend-reserva\/\" \/>\n<meta property=\"og:locale\" content=\"en_US\" \/>\n<meta property=\"og:type\" content=\"article\" \/>\n<meta property=\"og:title\" content=\"PEQUE\u00d1O VI\u00d1EDO - BLEND RESERVA - Yanardi Wines\" \/>\n<meta property=\"og:description\" content=\"De color rojo profundo. Gran combinaci\u00f3n de aromas que se complementan y se potencian, donde podemos encontrar ciruelas, grosellas maduras, pimienta y nuez moscada. En boca podemos percibir los taninos marcados pero muy amables donde se resalta la menta. Ideal para acompa\u00f1ar quesos bien curados y carnes sazonadas\" \/>\n<meta property=\"og:url\" content=\"https:\/\/yanardiwines.com\/en\/product\/pequeno-vinedo-blend-reserva\/\" \/>\n<meta property=\"og:site_name\" content=\"Yanardi Wines\" \/>\n<meta property=\"article:modified_time\" content=\"2025-08-19T17:18:18+00:00\" \/>\n<meta property=\"og:image\" content=\"https:\/\/yanardiwines.com\/wp-content\/uploads\/2022\/07\/Pequeno-Vinedo-2-683x1024.png\" \/>\n\t<meta property=\"og:image:width\" content=\"683\" \/>\n\t<meta property=\"og:image:height\" content=\"1024\" \/>\n\t<meta property=\"og:image:type\" content=\"image\/png\" \/>\n<meta name=\"twitter:card\" content=\"summary_large_image\" \/>\n<script type=\"application\/ld+json\" class=\"yoast-schema-graph\">{\"@context\":\"https:\\\/\\\/schema.org\",\"@graph\":[{\"@type\":\"WebPage\",\"@id\":\"https:\\\/\\\/yanardiwines.com\\\/producto\\\/pequeno-vinedo-blend-reserva\\\/\",\"url\":\"https:\\\/\\\/yanardiwines.com\\\/producto\\\/pequeno-vinedo-blend-reserva\\\/\",\"name\":\"PEQUE\u00d1O VI\u00d1EDO - BLEND RESERVA - Yanardi Wines\",\"isPartOf\":{\"@id\":\"https:\\\/\\\/yanardiwines.com\\\/#website\"},\"primaryImageOfPage\":{\"@id\":\"https:\\\/\\\/yanardiwines.com\\\/producto\\\/pequeno-vinedo-blend-reserva\\\/#primaryimage\"},\"image\":{\"@id\":\"https:\\\/\\\/yanardiwines.com\\\/producto\\\/pequeno-vinedo-blend-reserva\\\/#primaryimage\"},\"thumbnailUrl\":\"https:\\\/\\\/i0.wp.com\\\/yanardiwines.com\\\/wp-content\\\/uploads\\\/2022\\\/07\\\/Pequeno-Vinedo-2-scaled.png?fit=1707%2C2560&ssl=1\",\"datePublished\":\"2022-07-01T13:20:45+00:00\",\"dateModified\":\"2025-08-19T17:18:18+00:00\",\"breadcrumb\":{\"@id\":\"https:\\\/\\\/yanardiwines.com\\\/producto\\\/pequeno-vinedo-blend-reserva\\\/#breadcrumb\"},\"inLanguage\":\"en-US\",\"potentialAction\":[{\"@type\":\"ReadAction\",\"target\":[\"https:\\\/\\\/yanardiwines.com\\\/producto\\\/pequeno-vinedo-blend-reserva\\\/\"]}]},{\"@type\":\"ImageObject\",\"inLanguage\":\"en-US\",\"@id\":\"https:\\\/\\\/yanardiwines.com\\\/producto\\\/pequeno-vinedo-blend-reserva\\\/#primaryimage\",\"url\":\"https:\\\/\\\/i0.wp.com\\\/yanardiwines.com\\\/wp-content\\\/uploads\\\/2022\\\/07\\\/Pequeno-Vinedo-2-scaled.png?fit=1707%2C2560&ssl=1\",\"contentUrl\":\"https:\\\/\\\/i0.wp.com\\\/yanardiwines.com\\\/wp-content\\\/uploads\\\/2022\\\/07\\\/Pequeno-Vinedo-2-scaled.png?fit=1707%2C2560&ssl=1\",\"width\":1707,\"height\":2560},{\"@type\":\"BreadcrumbList\",\"@id\":\"https:\\\/\\\/yanardiwines.com\\\/producto\\\/pequeno-vinedo-blend-reserva\\\/#breadcrumb\",\"itemListElement\":[{\"@type\":\"ListItem\",\"position\":1,\"name\":\"Inicio\",\"item\":\"https:\\\/\\\/yanardiwines.com\\\/\"},{\"@type\":\"ListItem\",\"position\":2,\"name\":\"Tienda\",\"item\":\"https:\\\/\\\/yanardiwines.com\\\/catalogo\\\/\"},{\"@type\":\"ListItem\",\"position\":3,\"name\":\"PEQUE\u00d1O VI\u00d1EDO &#8211; BLEND RESERVA\"}]},{\"@type\":\"WebSite\",\"@id\":\"https:\\\/\\\/yanardiwines.com\\\/#website\",\"url\":\"https:\\\/\\\/yanardiwines.com\\\/\",\"name\":\"Yanardi Wines\",\"description\":\"Vinos aut\u00e9nticos creados con el coraz\u00f3n.\",\"publisher\":{\"@id\":\"https:\\\/\\\/yanardiwines.com\\\/#organization\"},\"potentialAction\":[{\"@type\":\"SearchAction\",\"target\":{\"@type\":\"EntryPoint\",\"urlTemplate\":\"https:\\\/\\\/yanardiwines.com\\\/?s={search_term_string}\"},\"query-input\":{\"@type\":\"PropertyValueSpecification\",\"valueRequired\":true,\"valueName\":\"search_term_string\"}}],\"inLanguage\":\"en-US\"},{\"@type\":\"Organization\",\"@id\":\"https:\\\/\\\/yanardiwines.com\\\/#organization\",\"name\":\"Yanardi Wines\",\"url\":\"https:\\\/\\\/yanardiwines.com\\\/\",\"logo\":{\"@type\":\"ImageObject\",\"inLanguage\":\"en-US\",\"@id\":\"https:\\\/\\\/yanardiwines.com\\\/#\\\/schema\\\/logo\\\/image\\\/\",\"url\":\"https:\\\/\\\/yanardiwines.com\\\/wp-content\\\/uploads\\\/2022\\\/06\\\/yanardi-wine.jpg\",\"contentUrl\":\"https:\\\/\\\/yanardiwines.com\\\/wp-content\\\/uploads\\\/2022\\\/06\\\/yanardi-wine.jpg\",\"width\":340,\"height\":68,\"caption\":\"Yanardi Wines\"},\"image\":{\"@id\":\"https:\\\/\\\/yanardiwines.com\\\/#\\\/schema\\\/logo\\\/image\\\/\"},\"sameAs\":[\"https:\\\/\\\/www.instagram.com\\\/yanardiwines\\\/\"]}]}<\/script>\n<!-- \/ Yoast SEO plugin. -->","yoast_head_json":{"title":"PEQUE\u00d1O VI\u00d1EDO - BLEND RESERVA - Yanardi Wines","robots":{"index":"index","follow":"follow","max-snippet":"max-snippet:-1","max-image-preview":"max-image-preview:large","max-video-preview":"max-video-preview:-1"},"canonical":"https:\/\/yanardiwines.com\/en\/product\/pequeno-vinedo-blend-reserva\/","og_locale":"en_US","og_type":"article","og_title":"PEQUE\u00d1O VI\u00d1EDO - BLEND RESERVA - Yanardi Wines","og_description":"De color rojo profundo. Gran combinaci\u00f3n de aromas que se complementan y se potencian, donde podemos encontrar ciruelas, grosellas maduras, pimienta y nuez moscada. En boca podemos percibir los taninos marcados pero muy amables donde se resalta la menta. Ideal para acompa\u00f1ar quesos bien curados y carnes sazonadas","og_url":"https:\/\/yanardiwines.com\/en\/product\/pequeno-vinedo-blend-reserva\/","og_site_name":"Yanardi Wines","article_modified_time":"2025-08-19T17:18:18+00:00","og_image":[{"width":683,"height":1024,"url":"https:\/\/yanardiwines.com\/wp-content\/uploads\/2022\/07\/Pequeno-Vinedo-2-683x1024.png","type":"image\/png"}],"twitter_card":"summary_large_image","schema":{"@context":"https:\/\/schema.org","@graph":[{"@type":"WebPage","@id":"https:\/\/yanardiwines.com\/producto\/pequeno-vinedo-blend-reserva\/","url":"https:\/\/yanardiwines.com\/producto\/pequeno-vinedo-blend-reserva\/","name":"PEQUE\u00d1O VI\u00d1EDO - BLEND RESERVA - Yanardi Wines","isPartOf":{"@id":"https:\/\/yanardiwines.com\/#website"},"primaryImageOfPage":{"@id":"https:\/\/yanardiwines.com\/producto\/pequeno-vinedo-blend-reserva\/#primaryimage"},"image":{"@id":"https:\/\/yanardiwines.com\/producto\/pequeno-vinedo-blend-reserva\/#primaryimage"},"thumbnailUrl":"https:\/\/i0.wp.com\/yanardiwines.com\/wp-content\/uploads\/2022\/07\/Pequeno-Vinedo-2-scaled.png?fit=1707%2C2560&ssl=1","datePublished":"2022-07-01T13:20:45+00:00","dateModified":"2025-08-19T17:18:18+00:00","breadcrumb":{"@id":"https:\/\/yanardiwines.com\/producto\/pequeno-vinedo-blend-reserva\/#breadcrumb"},"inLanguage":"en-US","potentialAction":[{"@type":"ReadAction","target":["https:\/\/yanardiwines.com\/producto\/pequeno-vinedo-blend-reserva\/"]}]},{"@type":"ImageObject","inLanguage":"en-US","@id":"https:\/\/yanardiwines.com\/producto\/pequeno-vinedo-blend-reserva\/#primaryimage","url":"https:\/\/i0.wp.com\/yanardiwines.com\/wp-content\/uploads\/2022\/07\/Pequeno-Vinedo-2-scaled.png?fit=1707%2C2560&ssl=1","contentUrl":"https:\/\/i0.wp.com\/yanardiwines.com\/wp-content\/uploads\/2022\/07\/Pequeno-Vinedo-2-scaled.png?fit=1707%2C2560&ssl=1","width":1707,"height":2560},{"@type":"BreadcrumbList","@id":"https:\/\/yanardiwines.com\/producto\/pequeno-vinedo-blend-reserva\/#breadcrumb","itemListElement":[{"@type":"ListItem","position":1,"name":"Inicio","item":"https:\/\/yanardiwines.com\/"},{"@type":"ListItem","position":2,"name":"Tienda","item":"https:\/\/yanardiwines.com\/catalogo\/"},{"@type":"ListItem","position":3,"name":"PEQUE\u00d1O VI\u00d1EDO &#8211; BLEND RESERVA"}]},{"@type":"WebSite","@id":"https:\/\/yanardiwines.com\/#website","url":"https:\/\/yanardiwines.com\/","name":"Yanardi Wines","description":"Authentic wines created with the heart.","publisher":{"@id":"https:\/\/yanardiwines.com\/#organization"},"potentialAction":[{"@type":"SearchAction","target":{"@type":"EntryPoint","urlTemplate":"https:\/\/yanardiwines.com\/?s={search_term_string}"},"query-input":{"@type":"PropertyValueSpecification","valueRequired":true,"valueName":"search_term_string"}}],"inLanguage":"en-US"},{"@type":"Organization","@id":"https:\/\/yanardiwines.com\/#organization","name":"Yanardi Wines","url":"https:\/\/yanardiwines.com\/","logo":{"@type":"ImageObject","inLanguage":"en-US","@id":"https:\/\/yanardiwines.com\/#\/schema\/logo\/image\/","url":"https:\/\/yanardiwines.com\/wp-content\/uploads\/2022\/06\/yanardi-wine.jpg","contentUrl":"https:\/\/yanardiwines.com\/wp-content\/uploads\/2022\/06\/yanardi-wine.jpg","width":340,"height":68,"caption":"Yanardi Wines"},"image":{"@id":"https:\/\/yanardiwines.com\/#\/schema\/logo\/image\/"},"sameAs":["https:\/\/www.instagram.com\/yanardiwines\/"]}]}},"_links":{"self":[{"href":"https:\/\/yanardiwines.com\/en\/wp-json\/wp\/v2\/product\/549","targetHints":{"allow":["GET"]}}],"collection":[{"href":"https:\/\/yanardiwines.com\/en\/wp-json\/wp\/v2\/product"}],"about":[{"href":"https:\/\/yanardiwines.com\/en\/wp-json\/wp\/v2\/types\/product"}],"wp:featuredmedia":[{"embeddable":true,"href":"https:\/\/yanardiwines.com\/en\/wp-json\/wp\/v2\/media\/551"}],"wp:attachment":[{"href":"https:\/\/yanardiwines.com\/en\/wp-json\/wp\/v2\/media?parent=549"}],"wp:term":[{"taxonomy":"product_brand","embeddable":true,"href":"https:\/\/yanardiwines.com\/en\/wp-json\/wp\/v2\/product_brand?post=549"},{"taxonomy":"product_cat","embeddable":true,"href":"https:\/\/yanardiwines.com\/en\/wp-json\/wp\/v2\/product_cat?post=549"},{"taxonomy":"product_tag","embeddable":true,"href":"https:\/\/yanardiwines.com\/en\/wp-json\/wp\/v2\/product_tag?post=549"},{"taxonomy":"varietal","embeddable":true,"href":"https:\/\/yanardiwines.com\/en\/wp-json\/wp\/v2\/varietal?post=549"}],"curies":[{"name":"wp","href":"https:\/\/api.w.org\/{rel}","templated":true}]}}