{"id":75,"date":"2022-06-08T23:10:26","date_gmt":"2022-06-08T23:10:26","guid":{"rendered":"http:\/\/c1791537.ferozo.com\/?post_type=product&#038;p=75"},"modified":"2025-10-14T21:08:37","modified_gmt":"2025-10-14T21:08:37","slug":"malandra-blend-gran-reserva","status":"publish","type":"product","link":"https:\/\/yanardiwines.com\/en\/product\/malandra-blend-gran-reserva\/","title":{"rendered":"MALANDRA \u2013 GRAND RESERVE BLEND"},"content":{"rendered":"","protected":false},"excerpt":{"rendered":"<p>It is a powerful wine, where the combination of these four varieties results in a unique product due to its combination of aromas and flavors that are enhanced by the strength of the wood in its best dimension. On the nose we find ripe red fruits, spices, mint, vanilla and chocolate. On the palate it is complex, balanced with soft and elegant tannins. Ideal to accompany traditional and non-traditional meats such as duck or lamb.<\/p>","protected":false},"featured_media":162,"template":"","meta":[],"product_brand":[],"product_cat":[20],"product_tag":[],"varietal":[32,27,28,29],"class_list":{"0":"post-75","1":"product","2":"type-product","3":"status-publish","4":"has-post-thumbnail","6":"product_cat-malandra","7":"varietal-bonarda","8":"varietal-cabernet-franc","9":"varietal-malbec","10":"varietal-merlot","12":"first","13":"outofstock","14":"shipping-taxable","15":"product-type-simple"},"yoast_head":"<!-- This site is optimized with the Yoast SEO plugin v27.4 - https:\/\/yoast.com\/product\/yoast-seo-wordpress\/ -->\n<title>MALANDRA - BLEND GRAN RESERVA - Yanardi Wines<\/title>\n<meta name=\"robots\" content=\"index, follow, max-snippet:-1, max-image-preview:large, max-video-preview:-1\" \/>\n<link rel=\"canonical\" href=\"https:\/\/yanardiwines.com\/en\/product\/malandra-blend-gran-reserva\/\" \/>\n<meta property=\"og:locale\" content=\"en_US\" \/>\n<meta property=\"og:type\" content=\"article\" \/>\n<meta property=\"og:title\" content=\"MALANDRA - BLEND GRAN RESERVA - Yanardi Wines\" \/>\n<meta property=\"og:description\" content=\"Es un vino potente, donde la combinaci\u00f3n de estas cuatro variedades da como resultado un producto \u00fanico por su combinaci\u00f3n de aromas y sabores que se potencian con la fuerza de la madera en su mejor dimensi\u00f3n. En nariz encontramos frutos rojos maduros, especias, menta, vainilla y chocolate. En boca es complejo, equilibrado con taninos suaves y elegantes. Ideal para acompa\u00f1ar carnes tradicionales y no tradicionales como el pato o el cordero.\" \/>\n<meta property=\"og:url\" content=\"https:\/\/yanardiwines.com\/en\/product\/malandra-blend-gran-reserva\/\" \/>\n<meta property=\"og:site_name\" content=\"Yanardi Wines\" \/>\n<meta property=\"article:modified_time\" content=\"2025-10-14T21:08:37+00:00\" \/>\n<meta property=\"og:image\" content=\"https:\/\/yanardiwines.com\/wp-content\/uploads\/2022\/06\/Malandra.png\" \/>\n\t<meta property=\"og:image:width\" content=\"1123\" \/>\n\t<meta property=\"og:image:height\" content=\"1685\" \/>\n\t<meta property=\"og:image:type\" content=\"image\/png\" \/>\n<meta name=\"twitter:card\" content=\"summary_large_image\" \/>\n<meta name=\"twitter:label1\" content=\"Est. reading time\" \/>\n\t<meta name=\"twitter:data1\" content=\"1 minute\" \/>\n<script type=\"application\/ld+json\" class=\"yoast-schema-graph\">{\"@context\":\"https:\\\/\\\/schema.org\",\"@graph\":[{\"@type\":\"WebPage\",\"@id\":\"https:\\\/\\\/yanardiwines.com\\\/producto\\\/malandra-blend-gran-reserva\\\/\",\"url\":\"https:\\\/\\\/yanardiwines.com\\\/producto\\\/malandra-blend-gran-reserva\\\/\",\"name\":\"MALANDRA - BLEND GRAN RESERVA - Yanardi Wines\",\"isPartOf\":{\"@id\":\"https:\\\/\\\/yanardiwines.com\\\/#website\"},\"primaryImageOfPage\":{\"@id\":\"https:\\\/\\\/yanardiwines.com\\\/producto\\\/malandra-blend-gran-reserva\\\/#primaryimage\"},\"image\":{\"@id\":\"https:\\\/\\\/yanardiwines.com\\\/producto\\\/malandra-blend-gran-reserva\\\/#primaryimage\"},\"thumbnailUrl\":\"https:\\\/\\\/i0.wp.com\\\/yanardiwines.com\\\/wp-content\\\/uploads\\\/2022\\\/06\\\/Malandra.png?fit=1123%2C1685&ssl=1\",\"datePublished\":\"2022-06-08T23:10:26+00:00\",\"dateModified\":\"2025-10-14T21:08:37+00:00\",\"breadcrumb\":{\"@id\":\"https:\\\/\\\/yanardiwines.com\\\/producto\\\/malandra-blend-gran-reserva\\\/#breadcrumb\"},\"inLanguage\":\"en-US\",\"potentialAction\":[{\"@type\":\"ReadAction\",\"target\":[\"https:\\\/\\\/yanardiwines.com\\\/producto\\\/malandra-blend-gran-reserva\\\/\"]}]},{\"@type\":\"ImageObject\",\"inLanguage\":\"en-US\",\"@id\":\"https:\\\/\\\/yanardiwines.com\\\/producto\\\/malandra-blend-gran-reserva\\\/#primaryimage\",\"url\":\"https:\\\/\\\/i0.wp.com\\\/yanardiwines.com\\\/wp-content\\\/uploads\\\/2022\\\/06\\\/Malandra.png?fit=1123%2C1685&ssl=1\",\"contentUrl\":\"https:\\\/\\\/i0.wp.com\\\/yanardiwines.com\\\/wp-content\\\/uploads\\\/2022\\\/06\\\/Malandra.png?fit=1123%2C1685&ssl=1\",\"width\":1123,\"height\":1685},{\"@type\":\"BreadcrumbList\",\"@id\":\"https:\\\/\\\/yanardiwines.com\\\/producto\\\/malandra-blend-gran-reserva\\\/#breadcrumb\",\"itemListElement\":[{\"@type\":\"ListItem\",\"position\":1,\"name\":\"Inicio\",\"item\":\"https:\\\/\\\/yanardiwines.com\\\/\"},{\"@type\":\"ListItem\",\"position\":2,\"name\":\"Tienda\",\"item\":\"https:\\\/\\\/yanardiwines.com\\\/catalogo\\\/\"},{\"@type\":\"ListItem\",\"position\":3,\"name\":\"MALANDRA &#8211; BLEND GRAN RESERVA\"}]},{\"@type\":\"WebSite\",\"@id\":\"https:\\\/\\\/yanardiwines.com\\\/#website\",\"url\":\"https:\\\/\\\/yanardiwines.com\\\/\",\"name\":\"Yanardi Wines\",\"description\":\"Vinos aut\u00e9nticos creados con el coraz\u00f3n.\",\"publisher\":{\"@id\":\"https:\\\/\\\/yanardiwines.com\\\/#organization\"},\"potentialAction\":[{\"@type\":\"SearchAction\",\"target\":{\"@type\":\"EntryPoint\",\"urlTemplate\":\"https:\\\/\\\/yanardiwines.com\\\/?s={search_term_string}\"},\"query-input\":{\"@type\":\"PropertyValueSpecification\",\"valueRequired\":true,\"valueName\":\"search_term_string\"}}],\"inLanguage\":\"en-US\"},{\"@type\":\"Organization\",\"@id\":\"https:\\\/\\\/yanardiwines.com\\\/#organization\",\"name\":\"Yanardi Wines\",\"url\":\"https:\\\/\\\/yanardiwines.com\\\/\",\"logo\":{\"@type\":\"ImageObject\",\"inLanguage\":\"en-US\",\"@id\":\"https:\\\/\\\/yanardiwines.com\\\/#\\\/schema\\\/logo\\\/image\\\/\",\"url\":\"https:\\\/\\\/yanardiwines.com\\\/wp-content\\\/uploads\\\/2022\\\/06\\\/yanardi-wine.jpg\",\"contentUrl\":\"https:\\\/\\\/yanardiwines.com\\\/wp-content\\\/uploads\\\/2022\\\/06\\\/yanardi-wine.jpg\",\"width\":340,\"height\":68,\"caption\":\"Yanardi Wines\"},\"image\":{\"@id\":\"https:\\\/\\\/yanardiwines.com\\\/#\\\/schema\\\/logo\\\/image\\\/\"},\"sameAs\":[\"https:\\\/\\\/www.instagram.com\\\/yanardiwines\\\/\"]}]}<\/script>\n<!-- \/ Yoast SEO plugin. -->","yoast_head_json":{"title":"MALANDRA - BLEND GRAN RESERVA - Yanardi Wines","robots":{"index":"index","follow":"follow","max-snippet":"max-snippet:-1","max-image-preview":"max-image-preview:large","max-video-preview":"max-video-preview:-1"},"canonical":"https:\/\/yanardiwines.com\/en\/product\/malandra-blend-gran-reserva\/","og_locale":"en_US","og_type":"article","og_title":"MALANDRA - BLEND GRAN RESERVA - Yanardi Wines","og_description":"Es un vino potente, donde la combinaci\u00f3n de estas cuatro variedades da como resultado un producto \u00fanico por su combinaci\u00f3n de aromas y sabores que se potencian con la fuerza de la madera en su mejor dimensi\u00f3n. En nariz encontramos frutos rojos maduros, especias, menta, vainilla y chocolate. En boca es complejo, equilibrado con taninos suaves y elegantes. Ideal para acompa\u00f1ar carnes tradicionales y no tradicionales como el pato o el cordero.","og_url":"https:\/\/yanardiwines.com\/en\/product\/malandra-blend-gran-reserva\/","og_site_name":"Yanardi Wines","article_modified_time":"2025-10-14T21:08:37+00:00","og_image":[{"width":1123,"height":1685,"url":"https:\/\/yanardiwines.com\/wp-content\/uploads\/2022\/06\/Malandra.png","type":"image\/png"}],"twitter_card":"summary_large_image","twitter_misc":{"Est. reading time":"1 minute"},"schema":{"@context":"https:\/\/schema.org","@graph":[{"@type":"WebPage","@id":"https:\/\/yanardiwines.com\/producto\/malandra-blend-gran-reserva\/","url":"https:\/\/yanardiwines.com\/producto\/malandra-blend-gran-reserva\/","name":"MALANDRA - BLEND GRAN RESERVA - Yanardi Wines","isPartOf":{"@id":"https:\/\/yanardiwines.com\/#website"},"primaryImageOfPage":{"@id":"https:\/\/yanardiwines.com\/producto\/malandra-blend-gran-reserva\/#primaryimage"},"image":{"@id":"https:\/\/yanardiwines.com\/producto\/malandra-blend-gran-reserva\/#primaryimage"},"thumbnailUrl":"https:\/\/i0.wp.com\/yanardiwines.com\/wp-content\/uploads\/2022\/06\/Malandra.png?fit=1123%2C1685&ssl=1","datePublished":"2022-06-08T23:10:26+00:00","dateModified":"2025-10-14T21:08:37+00:00","breadcrumb":{"@id":"https:\/\/yanardiwines.com\/producto\/malandra-blend-gran-reserva\/#breadcrumb"},"inLanguage":"en-US","potentialAction":[{"@type":"ReadAction","target":["https:\/\/yanardiwines.com\/producto\/malandra-blend-gran-reserva\/"]}]},{"@type":"ImageObject","inLanguage":"en-US","@id":"https:\/\/yanardiwines.com\/producto\/malandra-blend-gran-reserva\/#primaryimage","url":"https:\/\/i0.wp.com\/yanardiwines.com\/wp-content\/uploads\/2022\/06\/Malandra.png?fit=1123%2C1685&ssl=1","contentUrl":"https:\/\/i0.wp.com\/yanardiwines.com\/wp-content\/uploads\/2022\/06\/Malandra.png?fit=1123%2C1685&ssl=1","width":1123,"height":1685},{"@type":"BreadcrumbList","@id":"https:\/\/yanardiwines.com\/producto\/malandra-blend-gran-reserva\/#breadcrumb","itemListElement":[{"@type":"ListItem","position":1,"name":"Inicio","item":"https:\/\/yanardiwines.com\/"},{"@type":"ListItem","position":2,"name":"Tienda","item":"https:\/\/yanardiwines.com\/catalogo\/"},{"@type":"ListItem","position":3,"name":"MALANDRA &#8211; BLEND GRAN RESERVA"}]},{"@type":"WebSite","@id":"https:\/\/yanardiwines.com\/#website","url":"https:\/\/yanardiwines.com\/","name":"Yanardi Wines","description":"Authentic wines created with the heart.","publisher":{"@id":"https:\/\/yanardiwines.com\/#organization"},"potentialAction":[{"@type":"SearchAction","target":{"@type":"EntryPoint","urlTemplate":"https:\/\/yanardiwines.com\/?s={search_term_string}"},"query-input":{"@type":"PropertyValueSpecification","valueRequired":true,"valueName":"search_term_string"}}],"inLanguage":"en-US"},{"@type":"Organization","@id":"https:\/\/yanardiwines.com\/#organization","name":"Yanardi Wines","url":"https:\/\/yanardiwines.com\/","logo":{"@type":"ImageObject","inLanguage":"en-US","@id":"https:\/\/yanardiwines.com\/#\/schema\/logo\/image\/","url":"https:\/\/yanardiwines.com\/wp-content\/uploads\/2022\/06\/yanardi-wine.jpg","contentUrl":"https:\/\/yanardiwines.com\/wp-content\/uploads\/2022\/06\/yanardi-wine.jpg","width":340,"height":68,"caption":"Yanardi Wines"},"image":{"@id":"https:\/\/yanardiwines.com\/#\/schema\/logo\/image\/"},"sameAs":["https:\/\/www.instagram.com\/yanardiwines\/"]}]}},"_links":{"self":[{"href":"https:\/\/yanardiwines.com\/en\/wp-json\/wp\/v2\/product\/75","targetHints":{"allow":["GET"]}}],"collection":[{"href":"https:\/\/yanardiwines.com\/en\/wp-json\/wp\/v2\/product"}],"about":[{"href":"https:\/\/yanardiwines.com\/en\/wp-json\/wp\/v2\/types\/product"}],"wp:featuredmedia":[{"embeddable":true,"href":"https:\/\/yanardiwines.com\/en\/wp-json\/wp\/v2\/media\/162"}],"wp:attachment":[{"href":"https:\/\/yanardiwines.com\/en\/wp-json\/wp\/v2\/media?parent=75"}],"wp:term":[{"taxonomy":"product_brand","embeddable":true,"href":"https:\/\/yanardiwines.com\/en\/wp-json\/wp\/v2\/product_brand?post=75"},{"taxonomy":"product_cat","embeddable":true,"href":"https:\/\/yanardiwines.com\/en\/wp-json\/wp\/v2\/product_cat?post=75"},{"taxonomy":"product_tag","embeddable":true,"href":"https:\/\/yanardiwines.com\/en\/wp-json\/wp\/v2\/product_tag?post=75"},{"taxonomy":"varietal","embeddable":true,"href":"https:\/\/yanardiwines.com\/en\/wp-json\/wp\/v2\/varietal?post=75"}],"curies":[{"name":"wp","href":"https:\/\/api.w.org\/{rel}","templated":true}]}}