{"id":558,"date":"2022-07-01T13:34:33","date_gmt":"2022-07-01T13:34:33","guid":{"rendered":"http:\/\/c1791537.ferozo.com\/?post_type=product&#038;p=558"},"modified":"2025-10-14T21:08:06","modified_gmt":"2025-10-14T21:08:06","slug":"pillo-blanco-cofermentado","status":"publish","type":"product","link":"https:\/\/yanardiwines.com\/pt\/produto\/pillo-blanco-cofermentado\/","title":{"rendered":"PILLO - BRANCO COFERMENTADO"},"content":{"rendered":"","protected":false},"excerpt":{"rendered":"<p>Amarelo com tons de verde. De grande complexidade arom\u00e1tica, destacando-se frutos de caro\u00e7o como p\u00eassego e damasco, combinados com aromas tropicais como anan\u00e1s e manga. Na boca a sua frescura \u00e9 real\u00e7ada pela sua acidez equilibrada que proporciona um final longo e persistente. Ideal para acompanhar pratos \u00e0 base de arroz, massas com diversos molhos e legumes salteados.<\/p>","protected":false},"featured_media":559,"template":"","meta":[],"product_brand":[],"product_cat":[22],"product_tag":[],"varietal":[35,36,39],"class_list":{"0":"post-558","1":"product","2":"type-product","3":"status-publish","4":"has-post-thumbnail","6":"product_cat-pillo","7":"varietal-chardonnay","8":"varietal-sauvignon-blanc","9":"varietal-viognier","11":"first","12":"instock","13":"sale","14":"shipping-taxable","15":"purchasable","16":"product-type-simple"},"yoast_head":"<!-- This site is optimized with the Yoast SEO plugin v27.5 - https:\/\/yoast.com\/product\/yoast-seo-wordpress\/ -->\n<title>PILLO - BLANCO COFERMENTADO - Yanardi Wines<\/title>\n<meta name=\"robots\" content=\"index, follow, max-snippet:-1, max-image-preview:large, max-video-preview:-1\" \/>\n<link rel=\"canonical\" href=\"https:\/\/yanardiwines.com\/pt\/produto\/pillo-blanco-cofermentado\/\" \/>\n<meta property=\"og:locale\" content=\"pt_BR\" \/>\n<meta property=\"og:type\" content=\"article\" \/>\n<meta property=\"og:title\" content=\"PILLO - BLANCO COFERMENTADO - Yanardi Wines\" \/>\n<meta property=\"og:description\" content=\"De color amarillo con tonos verdes. De gran complejidad arom\u00e1tica resaltando frutas de carozo como el durazno y el damasco, combinados con aromas tropicales como la pi\u00f1a y el mango. En boca se resalta su frescura por su equilibrada acidez que aporta un final largo y persistente. Ideal para acompa\u00f1ar platos con base de arroz, pastas de distintas salsas y verduras salteadas.\" \/>\n<meta property=\"og:url\" content=\"https:\/\/yanardiwines.com\/pt\/produto\/pillo-blanco-cofermentado\/\" \/>\n<meta property=\"og:site_name\" content=\"Yanardi Wines\" \/>\n<meta property=\"article:modified_time\" content=\"2025-10-14T21:08:06+00:00\" \/>\n<meta property=\"og:image\" content=\"https:\/\/yanardiwines.com\/wp-content\/uploads\/2022\/07\/PILLO-BLANCO-683x1024.png\" \/>\n\t<meta property=\"og:image:width\" content=\"683\" \/>\n\t<meta property=\"og:image:height\" content=\"1024\" \/>\n\t<meta property=\"og:image:type\" content=\"image\/png\" \/>\n<meta name=\"twitter:card\" content=\"summary_large_image\" \/>\n<script type=\"application\/ld+json\" class=\"yoast-schema-graph\">{\"@context\":\"https:\\\/\\\/schema.org\",\"@graph\":[{\"@type\":\"WebPage\",\"@id\":\"https:\\\/\\\/yanardiwines.com\\\/producto\\\/pillo-blanco-cofermentado\\\/\",\"url\":\"https:\\\/\\\/yanardiwines.com\\\/producto\\\/pillo-blanco-cofermentado\\\/\",\"name\":\"PILLO - BLANCO COFERMENTADO - Yanardi Wines\",\"isPartOf\":{\"@id\":\"https:\\\/\\\/yanardiwines.com\\\/#website\"},\"primaryImageOfPage\":{\"@id\":\"https:\\\/\\\/yanardiwines.com\\\/producto\\\/pillo-blanco-cofermentado\\\/#primaryimage\"},\"image\":{\"@id\":\"https:\\\/\\\/yanardiwines.com\\\/producto\\\/pillo-blanco-cofermentado\\\/#primaryimage\"},\"thumbnailUrl\":\"https:\\\/\\\/i0.wp.com\\\/yanardiwines.com\\\/wp-content\\\/uploads\\\/2022\\\/07\\\/PILLO-BLANCO-scaled.png?fit=1707%2C2560&ssl=1\",\"datePublished\":\"2022-07-01T13:34:33+00:00\",\"dateModified\":\"2025-10-14T21:08:06+00:00\",\"breadcrumb\":{\"@id\":\"https:\\\/\\\/yanardiwines.com\\\/producto\\\/pillo-blanco-cofermentado\\\/#breadcrumb\"},\"inLanguage\":\"pt-BR\",\"potentialAction\":[{\"@type\":\"ReadAction\",\"target\":[\"https:\\\/\\\/yanardiwines.com\\\/producto\\\/pillo-blanco-cofermentado\\\/\"]}]},{\"@type\":\"ImageObject\",\"inLanguage\":\"pt-BR\",\"@id\":\"https:\\\/\\\/yanardiwines.com\\\/producto\\\/pillo-blanco-cofermentado\\\/#primaryimage\",\"url\":\"https:\\\/\\\/i0.wp.com\\\/yanardiwines.com\\\/wp-content\\\/uploads\\\/2022\\\/07\\\/PILLO-BLANCO-scaled.png?fit=1707%2C2560&ssl=1\",\"contentUrl\":\"https:\\\/\\\/i0.wp.com\\\/yanardiwines.com\\\/wp-content\\\/uploads\\\/2022\\\/07\\\/PILLO-BLANCO-scaled.png?fit=1707%2C2560&ssl=1\",\"width\":1707,\"height\":2560},{\"@type\":\"BreadcrumbList\",\"@id\":\"https:\\\/\\\/yanardiwines.com\\\/producto\\\/pillo-blanco-cofermentado\\\/#breadcrumb\",\"itemListElement\":[{\"@type\":\"ListItem\",\"position\":1,\"name\":\"Inicio\",\"item\":\"https:\\\/\\\/yanardiwines.com\\\/\"},{\"@type\":\"ListItem\",\"position\":2,\"name\":\"Tienda\",\"item\":\"https:\\\/\\\/yanardiwines.com\\\/catalogo\\\/\"},{\"@type\":\"ListItem\",\"position\":3,\"name\":\"PILLO &#8211; BLANCO COFERMENTADO\"}]},{\"@type\":\"WebSite\",\"@id\":\"https:\\\/\\\/yanardiwines.com\\\/#website\",\"url\":\"https:\\\/\\\/yanardiwines.com\\\/\",\"name\":\"Yanardi Wines\",\"description\":\"Vinos aut\u00e9nticos creados con el coraz\u00f3n.\",\"publisher\":{\"@id\":\"https:\\\/\\\/yanardiwines.com\\\/#organization\"},\"potentialAction\":[{\"@type\":\"SearchAction\",\"target\":{\"@type\":\"EntryPoint\",\"urlTemplate\":\"https:\\\/\\\/yanardiwines.com\\\/?s={search_term_string}\"},\"query-input\":{\"@type\":\"PropertyValueSpecification\",\"valueRequired\":true,\"valueName\":\"search_term_string\"}}],\"inLanguage\":\"pt-BR\"},{\"@type\":\"Organization\",\"@id\":\"https:\\\/\\\/yanardiwines.com\\\/#organization\",\"name\":\"Yanardi Wines\",\"url\":\"https:\\\/\\\/yanardiwines.com\\\/\",\"logo\":{\"@type\":\"ImageObject\",\"inLanguage\":\"pt-BR\",\"@id\":\"https:\\\/\\\/yanardiwines.com\\\/#\\\/schema\\\/logo\\\/image\\\/\",\"url\":\"https:\\\/\\\/yanardiwines.com\\\/wp-content\\\/uploads\\\/2022\\\/06\\\/yanardi-wine.jpg\",\"contentUrl\":\"https:\\\/\\\/yanardiwines.com\\\/wp-content\\\/uploads\\\/2022\\\/06\\\/yanardi-wine.jpg\",\"width\":340,\"height\":68,\"caption\":\"Yanardi Wines\"},\"image\":{\"@id\":\"https:\\\/\\\/yanardiwines.com\\\/#\\\/schema\\\/logo\\\/image\\\/\"},\"sameAs\":[\"https:\\\/\\\/www.instagram.com\\\/yanardiwines\\\/\"]}]}<\/script>\n<!-- \/ Yoast SEO plugin. -->","yoast_head_json":{"title":"PILLO - BLANCO COFERMENTADO - Yanardi Wines","robots":{"index":"index","follow":"follow","max-snippet":"max-snippet:-1","max-image-preview":"max-image-preview:large","max-video-preview":"max-video-preview:-1"},"canonical":"https:\/\/yanardiwines.com\/pt\/produto\/pillo-blanco-cofermentado\/","og_locale":"pt_BR","og_type":"article","og_title":"PILLO - BLANCO COFERMENTADO - Yanardi Wines","og_description":"De color amarillo con tonos verdes. De gran complejidad arom\u00e1tica resaltando frutas de carozo como el durazno y el damasco, combinados con aromas tropicales como la pi\u00f1a y el mango. En boca se resalta su frescura por su equilibrada acidez que aporta un final largo y persistente. Ideal para acompa\u00f1ar platos con base de arroz, pastas de distintas salsas y verduras salteadas.","og_url":"https:\/\/yanardiwines.com\/pt\/produto\/pillo-blanco-cofermentado\/","og_site_name":"Yanardi Wines","article_modified_time":"2025-10-14T21:08:06+00:00","og_image":[{"width":683,"height":1024,"url":"https:\/\/yanardiwines.com\/wp-content\/uploads\/2022\/07\/PILLO-BLANCO-683x1024.png","type":"image\/png"}],"twitter_card":"summary_large_image","schema":{"@context":"https:\/\/schema.org","@graph":[{"@type":"WebPage","@id":"https:\/\/yanardiwines.com\/producto\/pillo-blanco-cofermentado\/","url":"https:\/\/yanardiwines.com\/producto\/pillo-blanco-cofermentado\/","name":"PILLO - BLANCO COFERMENTADO - Yanardi Wines","isPartOf":{"@id":"https:\/\/yanardiwines.com\/#website"},"primaryImageOfPage":{"@id":"https:\/\/yanardiwines.com\/producto\/pillo-blanco-cofermentado\/#primaryimage"},"image":{"@id":"https:\/\/yanardiwines.com\/producto\/pillo-blanco-cofermentado\/#primaryimage"},"thumbnailUrl":"https:\/\/i0.wp.com\/yanardiwines.com\/wp-content\/uploads\/2022\/07\/PILLO-BLANCO-scaled.png?fit=1707%2C2560&ssl=1","datePublished":"2022-07-01T13:34:33+00:00","dateModified":"2025-10-14T21:08:06+00:00","breadcrumb":{"@id":"https:\/\/yanardiwines.com\/producto\/pillo-blanco-cofermentado\/#breadcrumb"},"inLanguage":"pt-BR","potentialAction":[{"@type":"ReadAction","target":["https:\/\/yanardiwines.com\/producto\/pillo-blanco-cofermentado\/"]}]},{"@type":"ImageObject","inLanguage":"pt-BR","@id":"https:\/\/yanardiwines.com\/producto\/pillo-blanco-cofermentado\/#primaryimage","url":"https:\/\/i0.wp.com\/yanardiwines.com\/wp-content\/uploads\/2022\/07\/PILLO-BLANCO-scaled.png?fit=1707%2C2560&ssl=1","contentUrl":"https:\/\/i0.wp.com\/yanardiwines.com\/wp-content\/uploads\/2022\/07\/PILLO-BLANCO-scaled.png?fit=1707%2C2560&ssl=1","width":1707,"height":2560},{"@type":"BreadcrumbList","@id":"https:\/\/yanardiwines.com\/producto\/pillo-blanco-cofermentado\/#breadcrumb","itemListElement":[{"@type":"ListItem","position":1,"name":"Inicio","item":"https:\/\/yanardiwines.com\/"},{"@type":"ListItem","position":2,"name":"Tienda","item":"https:\/\/yanardiwines.com\/catalogo\/"},{"@type":"ListItem","position":3,"name":"PILLO &#8211; BLANCO COFERMENTADO"}]},{"@type":"WebSite","@id":"https:\/\/yanardiwines.com\/#website","url":"https:\/\/yanardiwines.com\/","name":"Vinhos Yanardi","description":"Vinhos aut\u00eanticos criados com o cora\u00e7\u00e3o.","publisher":{"@id":"https:\/\/yanardiwines.com\/#organization"},"potentialAction":[{"@type":"SearchAction","target":{"@type":"EntryPoint","urlTemplate":"https:\/\/yanardiwines.com\/?s={search_term_string}"},"query-input":{"@type":"PropertyValueSpecification","valueRequired":true,"valueName":"search_term_string"}}],"inLanguage":"pt-BR"},{"@type":"Organization","@id":"https:\/\/yanardiwines.com\/#organization","name":"Vinhos Yanardi","url":"https:\/\/yanardiwines.com\/","logo":{"@type":"ImageObject","inLanguage":"pt-BR","@id":"https:\/\/yanardiwines.com\/#\/schema\/logo\/image\/","url":"https:\/\/yanardiwines.com\/wp-content\/uploads\/2022\/06\/yanardi-wine.jpg","contentUrl":"https:\/\/yanardiwines.com\/wp-content\/uploads\/2022\/06\/yanardi-wine.jpg","width":340,"height":68,"caption":"Yanardi Wines"},"image":{"@id":"https:\/\/yanardiwines.com\/#\/schema\/logo\/image\/"},"sameAs":["https:\/\/www.instagram.com\/yanardiwines\/"]}]}},"_links":{"self":[{"href":"https:\/\/yanardiwines.com\/pt\/wp-json\/wp\/v2\/product\/558","targetHints":{"allow":["GET"]}}],"collection":[{"href":"https:\/\/yanardiwines.com\/pt\/wp-json\/wp\/v2\/product"}],"about":[{"href":"https:\/\/yanardiwines.com\/pt\/wp-json\/wp\/v2\/types\/product"}],"wp:featuredmedia":[{"embeddable":true,"href":"https:\/\/yanardiwines.com\/pt\/wp-json\/wp\/v2\/media\/559"}],"wp:attachment":[{"href":"https:\/\/yanardiwines.com\/pt\/wp-json\/wp\/v2\/media?parent=558"}],"wp:term":[{"taxonomy":"product_brand","embeddable":true,"href":"https:\/\/yanardiwines.com\/pt\/wp-json\/wp\/v2\/product_brand?post=558"},{"taxonomy":"product_cat","embeddable":true,"href":"https:\/\/yanardiwines.com\/pt\/wp-json\/wp\/v2\/product_cat?post=558"},{"taxonomy":"product_tag","embeddable":true,"href":"https:\/\/yanardiwines.com\/pt\/wp-json\/wp\/v2\/product_tag?post=558"},{"taxonomy":"varietal","embeddable":true,"href":"https:\/\/yanardiwines.com\/pt\/wp-json\/wp\/v2\/varietal?post=558"}],"curies":[{"name":"wp","href":"https:\/\/api.w.org\/{rel}","templated":true}]}}